{"id":3,"date":"2022-03-30T07:03:42","date_gmt":"2022-03-30T07:03:42","guid":{"rendered":"https:\/\/bosphorusday.com\/?page_id=3"},"modified":"2025-08-07T02:10:33","modified_gmt":"2025-08-06T23:10:33","slug":"privacy-policy","status":"publish","type":"page","link":"https:\/\/bosphorusday.com\/?page_id=3","title":{"rendered":"Privacy Policy"},"content":{"rendered":"\t\t<div data-elementor-type=\"wp-page\" data-elementor-id=\"3\" class=\"elementor elementor-3\">\n\t\t\t\t\t\t<section class=\"elementor-section elementor-top-section elementor-element elementor-element-6bf3ef90 elementor-section-boxed elementor-section-height-default elementor-section-height-default\" data-id=\"6bf3ef90\" data-element_type=\"section\">\n\t\t\t\t\t\t<div class=\"elementor-container elementor-column-gap-default\">\n\t\t\t\t\t<div class=\"elementor-column elementor-col-100 elementor-top-column elementor-element elementor-element-42d8040\" data-id=\"42d8040\" data-element_type=\"column\">\n\t\t\t<div class=\"elementor-widget-wrap elementor-element-populated\">\n\t\t\t\t\t\t<div class=\"elementor-element elementor-element-4c3366d9 elementor-widget elementor-widget-text-editor\" data-id=\"4c3366d9\" data-element_type=\"widget\" data-widget_type=\"text-editor.default\">\n\t\t\t\t\t\t\t\t\t<p class=\"p1\"><b>1.<\/b><\/p>\n<p class=\"p1\"><b>Introduction<\/b><\/p>\n<p class=\"p2\">At Bosphorus Day, we are committed to protecting the privacy and security of your personal information. This Privacy Policy explains how we collect, use, store and protect your data when you use our website or services.<\/p>\n<p class=\"p1\"><b>2.<\/b><\/p>\n<p class=\"p1\"><b>Who We Are<\/b><\/p>\n<ul class=\"ul1\">\n<li class=\"li4\"><b><\/b><span class=\"s1\"><b>Company Name:<\/b>\u00a0Bosphorus Day<\/span><\/li>\n<li class=\"li4\"><b><\/b><span class=\"s1\"><b>Address:<\/b>\u00a0Harbiye mahallesi Bostan sokak no:15 i\u00e7 kap\u0131 5 \u015ei\u015fli, Istanbul, Turkey<\/span><\/li>\n<li class=\"li4\"><b><\/b><span class=\"s1\"><b>Phone:<\/b>\u00a0+90 212 373 95 72<\/span><\/li>\n<li class=\"li4\"><b><\/b><span class=\"s1\"><b>E-mail:<\/b>\u00a0info@bosphorusday.com<\/span><\/li>\n<\/ul>\n<p class=\"p1\"><b>3.<\/b><\/p>\n<p class=\"p1\"><b>What Information We Collect<\/b><\/p>\n<p class=\"p2\">We may collect the following data:<\/p>\n<ul class=\"ul1\">\n<li class=\"li4\"><span class=\"s1\">Name and surname<\/span><\/li>\n<li class=\"li4\"><span class=\"s1\">Phone number<\/span><\/li>\n<li class=\"li4\"><span class=\"s1\">E-mail address<\/span><\/li>\n<li class=\"li4\"><span class=\"s1\">National ID or passport information (if required for reservation)<\/span><\/li>\n<li class=\"li4\"><span class=\"s1\">Address information<\/span><\/li>\n<li class=\"li4\"><span class=\"s1\">Technical data (IP address, browser data)<\/span><\/li>\n<li class=\"li4\"><span class=\"s1\">Cookies and usage data via Google Analytics and Facebook Meta<\/span><\/li>\n<\/ul>\n<p class=\"p1\"><b>4.<\/b><\/p>\n<p class=\"p1\"><b>How We Use Your Information<\/b><\/p>\n<p class=\"p2\">We use your data for:<\/p>\n<ul class=\"ul1\">\n<li class=\"li4\"><span class=\"s1\">Creating and managing your reservations<\/span><\/li>\n<li class=\"li4\"><span class=\"s1\">Issuing invoices (e-invoice)<\/span><\/li>\n<li class=\"li4\"><span class=\"s1\">Communicating about your reservation and service updates<\/span><\/li>\n<li class=\"li4\"><span class=\"s1\">Ensuring the safety and legality of our services<\/span><\/li>\n<li class=\"li4\"><span class=\"s1\">Analyzing website traffic and improving user experience<\/span><\/li>\n<\/ul>\n<p class=\"p1\"><b>5.<\/b><\/p>\n<p class=\"p1\"><b>How We Protect Your Data<\/b><\/p>\n<ul class=\"ul1\">\n<li class=\"li4\"><span class=\"s1\">Personal data is stored on secure servers<\/span><\/li>\n<li class=\"li4\"><span class=\"s1\">Data transfers are encrypted with 256-bit SSL certificates<\/span><\/li>\n<li class=\"li4\"><span class=\"s1\">Only authorized personnel have access to your data<\/span><\/li>\n<\/ul>\n<p class=\"p1\"><b>6.<\/b><\/p>\n<p class=\"p1\"><b>Data Sharing<\/b><\/p>\n<p class=\"p2\">We may share your data only:<\/p>\n<ul class=\"ul1\">\n<li class=\"li4\"><span class=\"s1\">With third-party service providers (e.g., payment processors, accounting software) to fulfill the services<\/span><\/li>\n<li class=\"li4\"><span class=\"s1\">When required by law or official authorities<\/span><\/li>\n<\/ul>\n<p class=\"p2\">We do\u00a0<b>not<\/b>\u00a0sell or rent your personal data to third parties.<\/p>\n<p class=\"p1\"><b>7.<\/b><\/p>\n<p class=\"p1\"><b>Cookies<\/b><\/p>\n<p class=\"p2\">We use cookies to enhance your browsing experience, analyze website traffic, and provide personalized services.<\/p>\n<p class=\"p1\"><b>8.<\/b><\/p>\n<p class=\"p1\"><b>Your Rights<\/b><\/p>\n<p class=\"p2\">You have the right to:<\/p>\n<ul class=\"ul1\">\n<li class=\"li4\"><span class=\"s1\">Access your personal data<\/span><\/li>\n<li class=\"li4\"><span class=\"s1\">Request correction or deletion<\/span><\/li>\n<li class=\"li4\"><span class=\"s1\">Object to processing<\/span><\/li>\n<li class=\"li4\"><span class=\"s1\">Request data portability<\/span><\/li>\n<\/ul>\n<p class=\"p2\">For any request, please contact:\u00a0<b>info@bosphorusday.com<\/b><b><\/b><\/p>\n<p class=\"p1\"><b>9.<\/b><\/p>\n<p class=\"p1\"><b>Changes to the Privacy Policy<\/b><\/p>\n<p class=\"p2\">We may update this policy when necessary. The latest version will always be published on our website.<\/p>\n<p class=\"p5\">\ud83d\udccc<\/p>\n<p class=\"p6\"><b>Contact<\/b><\/p>\n<p class=\"p2\">For questions about this policy, you can contact us at:<\/p>\n<ul class=\"ul1\">\n<li class=\"li4\"><b><\/b><span class=\"s1\"><b>E-mail:<\/b>\u00a0info@bosphorusday.com<\/span><\/li>\n<li class=\"li4\"><b><\/b><span class=\"s1\"><b>Phone:<\/b>\u00a0+90 212 373 95 72<\/span><\/li>\n<\/ul>\t\t\t\t\t\t\t\t<\/div>\n\t\t\t\t\t<\/div>\n\t\t<\/div>\n\t\t\t\t\t<\/div>\n\t\t<\/section>\n\t\t\t\t<\/div>\n\t\t","protected":false},"excerpt":{"rendered":"<p>1. Introduction At Bosphorus Day, we are committed to protecting the privacy and security of your personal information. This Privacy Policy explains how we collect, use, store and protect your data when you use our website or services. 2. Who We Are Company Name:\u00a0Bosphorus Day Address:\u00a0Harbiye mahallesi Bostan sokak no:15 i\u00e7 kap\u0131 5 \u015ei\u015fli, Istanbul, [&hellip;]<\/p>\n","protected":false},"author":1,"featured_media":0,"parent":0,"menu_order":0,"comment_status":"closed","ping_status":"open","template":"elementor_header_footer","meta":{"footnotes":""},"class_list":["post-3","page","type-page","status-publish","hentry"],"_links":{"self":[{"href":"https:\/\/bosphorusday.com\/index.php?rest_route=\/wp\/v2\/pages\/3","targetHints":{"allow":["GET"]}}],"collection":[{"href":"https:\/\/bosphorusday.com\/index.php?rest_route=\/wp\/v2\/pages"}],"about":[{"href":"https:\/\/bosphorusday.com\/index.php?rest_route=\/wp\/v2\/types\/page"}],"author":[{"embeddable":true,"href":"https:\/\/bosphorusday.com\/index.php?rest_route=\/wp\/v2\/users\/1"}],"replies":[{"embeddable":true,"href":"https:\/\/bosphorusday.com\/index.php?rest_route=%2Fwp%2Fv2%2Fcomments&post=3"}],"version-history":[{"count":4,"href":"https:\/\/bosphorusday.com\/index.php?rest_route=\/wp\/v2\/pages\/3\/revisions"}],"predecessor-version":[{"id":5753,"href":"https:\/\/bosphorusday.com\/index.php?rest_route=\/wp\/v2\/pages\/3\/revisions\/5753"}],"wp:attachment":[{"href":"https:\/\/bosphorusday.com\/index.php?rest_route=%2Fwp%2Fv2%2Fmedia&parent=3"}],"curies":[{"name":"wp","href":"https:\/\/api.w.org\/{rel}","templated":true}]}}